{"id":1027,"date":"2025-06-11T14:42:58","date_gmt":"2025-06-11T12:42:58","guid":{"rendered":"https:\/\/hauslock.de:443\/bs\/?page_id=1027"},"modified":"2025-06-20T12:10:43","modified_gmt":"2025-06-20T10:10:43","slug":"schloss-6","status":"publish","type":"page","link":"https:\/\/hauslock.de:443\/en\/schloss-6\/","title":{"rendered":"Schloss 6 &#8211; LEA &#8211;"},"content":{"rendered":"\t\t<div data-elementor-type=\"wp-page\" data-elementor-id=\"1027\" class=\"elementor elementor-1027\">\n\t\t\t\t<div class=\"elementor-element elementor-element-38b0de4 e-flex e-con-boxed e-con e-parent\" data-id=\"38b0de4\" data-element_type=\"container\">\n\t\t\t\t\t<div class=\"e-con-inner\">\n\t\t<div class=\"elementor-element elementor-element-8ce1beb e-con-full e-flex e-con e-child\" data-id=\"8ce1beb\" data-element_type=\"container\">\n\t\t<div class=\"elementor-element elementor-element-14e15ee e-con-full e-flex e-con e-child\" data-id=\"14e15ee\" data-element_type=\"container\">\n\t\t\t\t<div class=\"elementor-element elementor-element-a1ef8e1 elementor-widget elementor-widget-heading\" data-id=\"a1ef8e1\" data-element_type=\"widget\" data-widget_type=\"heading.default\">\n\t\t\t\t<div class=\"elementor-widget-container\">\n\t\t\t\t\t<h2 class=\"elementor-heading-title elementor-size-default\">BRAVA 6<\/h2>\t\t\t\t<\/div>\n\t\t\t\t<\/div>\n\t\t\t\t<div class=\"elementor-element elementor-element-7858389 elementor-widget__width-initial elementor-widget elementor-widget-heading\" data-id=\"7858389\" data-element_type=\"widget\" data-widget_type=\"heading.default\">\n\t\t\t\t<div class=\"elementor-widget-container\">\n\t\t\t\t\t<h1 class=\"elementor-heading-title elementor-size-default\">LEA<\/h1>\t\t\t\t<\/div>\n\t\t\t\t<\/div>\n\t\t\t\t<\/div>\n\t\t\t\t<\/div>\n\t\t<div class=\"elementor-element elementor-element-04214d6 e-con-full e-flex e-con e-child\" data-id=\"04214d6\" data-element_type=\"container\">\n\t\t\t\t<div class=\"elementor-element elementor-element-2c15f22 elementor-widget elementor-widget-heading\" data-id=\"2c15f22\" data-element_type=\"widget\" data-widget_type=\"heading.default\">\n\t\t\t\t<div class=\"elementor-widget-container\">\n\t\t\t\t\t<h4 class=\"elementor-heading-title elementor-size-default\">Na\u010dini otklju\u010davanja: <BR>\notisak prsta \/ kartica \/ lozinka \/ \nmehani\u010dki klju\u010d \/ mobilna aplikacija \/ prepoznavanje lica<\/h4>\t\t\t\t<\/div>\n\t\t\t\t<\/div>\n\t\t\t\t<\/div>\n\t\t\t\t\t<\/div>\n\t\t\t\t<\/div>\n\t\t<div class=\"elementor-element elementor-element-605ed85 e-flex e-con-boxed e-con e-parent\" data-id=\"605ed85\" data-element_type=\"container\">\n\t\t\t\t\t<div class=\"e-con-inner\">\n\t\t<div class=\"elementor-element elementor-element-c18b0c7 e-grid e-con-full e-con e-child\" data-id=\"c18b0c7\" data-element_type=\"container\">\n\t\t<div class=\"elementor-element elementor-element-7f0981e e-con-full e-flex e-con e-child\" data-id=\"7f0981e\" data-element_type=\"container\">\n\t\t\t\t<div class=\"elementor-element elementor-element-1cd208f elementor-widget elementor-widget-image\" data-id=\"1cd208f\" data-element_type=\"widget\" data-widget_type=\"image.default\">\n\t\t\t\t<div class=\"elementor-widget-container\">\n\t\t\t\t\t\t\t\t\t\t\t\t\t\t\t<img decoding=\"async\" src=\"https:\/\/hauslock.de:443\/wp-content\/uploads\/elementor\/thumbs\/Brava6-za-sajt-r75h4b3fd8q7wu8e6evlsogrmsieog4o04npaqkf3k.jpg\" title=\"\" alt=\"\" loading=\"lazy\" \/>\t\t\t\t\t\t\t\t\t\t\t\t\t\t\t<\/div>\n\t\t\t\t<\/div>\n\t\t\t\t<\/div>\n\t\t<div class=\"elementor-element elementor-element-803aeca e-con-full e-flex e-con e-child\" data-id=\"803aeca\" data-element_type=\"container\">\n\t\t\t\t<div class=\"elementor-element elementor-element-9e09904 elementor-widget elementor-widget-heading\" data-id=\"9e09904\" data-element_type=\"widget\" data-widget_type=\"heading.default\">\n\t\t\t\t<div class=\"elementor-widget-container\">\n\t\t\t\t\t<h4 class=\"elementor-heading-title elementor-size-default\">Tehni\u010dke karakteristike<\/h4>\t\t\t\t<\/div>\n\t\t\t\t<\/div>\n\t\t\t\t<div class=\"elementor-element elementor-element-410b8db elementor-widget elementor-widget-text-editor\" data-id=\"410b8db\" data-element_type=\"widget\" data-widget_type=\"text-editor.default\">\n\t\t\t\t<div class=\"elementor-widget-container\">\n\t\t\t\t\t\t\t\t\t<ul>\n<li>Materijal: Aluminijumska legura<\/li>\n<li>Na\u010din otklju\u010davanja: Otisak prsta \/ IC kartica \/ lozinka* \/ mobilna aplikacija \/ mehani\u010dki klju\u010d \/ prepoznavanje lica<\/li>\n<li>Kapacitet za otiske prsta: 300<\/li>\n<li>Kapacitet za IC karticu: 300<\/li>\n<li>Kapacitet za lozinke: 300<\/li>\n<li>Boja: crna<\/li>\n<li>Napajanje: Punjiva litijumska baterija<\/li>\n<li>Upozorenje za prazne baterije<\/li>\n<li>Radna temperatura: -10 do 60\u00b0C<\/li>\n<li>Ostale funkcije: video interfon, glasovne poruke, digitalna \u0161pijunka<\/li>\n<\/ul>\n<p>* Ova pametna brava mo\u017ee generisati jednokratne i privremene lozinke, s trajnim, vremenski ograni\u010denim ili vremenski odre\u0111enim pristupom.<\/p>\n<p>Upravljajte vratima putem telefona:<\/p>\n<p>Koristite mobilnu aplikaciju za daljinsko otvaranje vrata putem Wi-Fi mre\u017ee, omogu\u0107ite trenutan pristup drugima na daljinu i upravljajte istorijom otklju\u010davanja brave. Vi\u0161e pametnih brava mo\u017eete kontrolisati iz iste aplikacije.<\/p>\t\t\t\t\t\t\t\t<\/div>\n\t\t\t\t<\/div>\n\t\t\t\t<\/div>\n\t\t\t\t<\/div>\n\t\t\t\t\t<\/div>\n\t\t\t\t<\/div>\n\t\t\t\t<\/div>\n\t\t","protected":false},"excerpt":{"rendered":"","protected":false},"author":2,"featured_media":0,"parent":0,"menu_order":0,"comment_status":"closed","ping_status":"closed","template":"","meta":{"footnotes":""},"class_list":["post-1027","page","type-page","status-publish","hentry"],"blocksy_meta":{"has_hero_section":"disabled","styles_descriptor":{"styles":{"desktop":"","tablet":"","mobile":""},"google_fonts":[],"version":6}},"_links":{"self":[{"href":"https:\/\/hauslock.de:443\/en\/wp-json\/wp\/v2\/pages\/1027","targetHints":{"allow":["GET"]}}],"collection":[{"href":"https:\/\/hauslock.de:443\/en\/wp-json\/wp\/v2\/pages"}],"about":[{"href":"https:\/\/hauslock.de:443\/en\/wp-json\/wp\/v2\/types\/page"}],"author":[{"embeddable":true,"href":"https:\/\/hauslock.de:443\/en\/wp-json\/wp\/v2\/users\/2"}],"replies":[{"embeddable":true,"href":"https:\/\/hauslock.de:443\/en\/wp-json\/wp\/v2\/comments?post=1027"}],"version-history":[{"count":15,"href":"https:\/\/hauslock.de:443\/en\/wp-json\/wp\/v2\/pages\/1027\/revisions"}],"predecessor-version":[{"id":1696,"href":"https:\/\/hauslock.de:443\/en\/wp-json\/wp\/v2\/pages\/1027\/revisions\/1696"}],"wp:attachment":[{"href":"https:\/\/hauslock.de:443\/en\/wp-json\/wp\/v2\/media?parent=1027"}],"curies":[{"name":"wp","href":"https:\/\/api.w.org\/{rel}","templated":true}]}}