{"id":1042,"date":"2025-06-13T11:22:12","date_gmt":"2025-06-13T09:22:12","guid":{"rendered":"https:\/\/hauslock.de:443\/bs\/?page_id=1042"},"modified":"2025-06-20T12:15:13","modified_gmt":"2025-06-20T10:15:13","slug":"schloss-7","status":"publish","type":"page","link":"https:\/\/hauslock.de:443\/en\/schloss-7\/","title":{"rendered":"Schloss 7 &#8211; JULIJA &#8211;"},"content":{"rendered":"\t\t<div data-elementor-type=\"wp-page\" data-elementor-id=\"1042\" class=\"elementor elementor-1042\">\n\t\t\t\t<div class=\"elementor-element elementor-element-38b0de4 e-flex e-con-boxed e-con e-parent\" data-id=\"38b0de4\" data-element_type=\"container\">\n\t\t\t\t\t<div class=\"e-con-inner\">\n\t\t<div class=\"elementor-element elementor-element-8ce1beb e-con-full e-flex e-con e-child\" data-id=\"8ce1beb\" data-element_type=\"container\">\n\t\t<div class=\"elementor-element elementor-element-14e15ee e-con-full e-flex e-con e-child\" data-id=\"14e15ee\" data-element_type=\"container\">\n\t\t\t\t<div class=\"elementor-element elementor-element-a1ef8e1 elementor-widget elementor-widget-heading\" data-id=\"a1ef8e1\" data-element_type=\"widget\" data-widget_type=\"heading.default\">\n\t\t\t\t<div class=\"elementor-widget-container\">\n\t\t\t\t\t<h2 class=\"elementor-heading-title elementor-size-default\">BRAVA 7<\/h2>\t\t\t\t<\/div>\n\t\t\t\t<\/div>\n\t\t\t\t<div class=\"elementor-element elementor-element-7858389 elementor-widget__width-initial elementor-widget elementor-widget-heading\" data-id=\"7858389\" data-element_type=\"widget\" data-widget_type=\"heading.default\">\n\t\t\t\t<div class=\"elementor-widget-container\">\n\t\t\t\t\t<h1 class=\"elementor-heading-title elementor-size-default\">JULIJA<\/h1>\t\t\t\t<\/div>\n\t\t\t\t<\/div>\n\t\t\t\t<\/div>\n\t\t\t\t<\/div>\n\t\t<div class=\"elementor-element elementor-element-04214d6 e-con-full e-flex e-con e-child\" data-id=\"04214d6\" data-element_type=\"container\">\n\t\t\t\t<div class=\"elementor-element elementor-element-2c15f22 elementor-widget elementor-widget-heading\" data-id=\"2c15f22\" data-element_type=\"widget\" data-widget_type=\"heading.default\">\n\t\t\t\t<div class=\"elementor-widget-container\">\n\t\t\t\t\t<h4 class=\"elementor-heading-title elementor-size-default\">Na\u010dini otklju\u010davanja: <BR>\notisak prsta \/ kartica \/ lozinka \/ \nmehani\u010dki klju\u010d \/ mobilna aplikacija \/ 3D prepoznavanje lica \/ otisak dlana\n<\/h4>\t\t\t\t<\/div>\n\t\t\t\t<\/div>\n\t\t\t\t<\/div>\n\t\t\t\t\t<\/div>\n\t\t\t\t<\/div>\n\t\t<div class=\"elementor-element elementor-element-605ed85 e-flex e-con-boxed e-con e-parent\" data-id=\"605ed85\" data-element_type=\"container\">\n\t\t\t\t\t<div class=\"e-con-inner\">\n\t\t<div class=\"elementor-element elementor-element-c18b0c7 e-grid e-con-full e-con e-child\" data-id=\"c18b0c7\" data-element_type=\"container\">\n\t\t<div class=\"elementor-element elementor-element-7f0981e e-con-full e-flex e-con e-child\" data-id=\"7f0981e\" data-element_type=\"container\">\n\t\t\t\t<div class=\"elementor-element elementor-element-1cd208f elementor-widget elementor-widget-image\" data-id=\"1cd208f\" data-element_type=\"widget\" data-widget_type=\"image.default\">\n\t\t\t\t<div class=\"elementor-widget-container\">\n\t\t\t\t\t\t\t\t\t\t\t\t\t\t\t<img decoding=\"async\" src=\"https:\/\/hauslock.de:443\/wp-content\/uploads\/elementor\/thumbs\/Brava7-za-sajt-r75hcwcbtqhk0jr70mjv30ff2k660v8cunag6rtw8g.jpg\" title=\"\" alt=\"\" loading=\"lazy\" \/>\t\t\t\t\t\t\t\t\t\t\t\t\t\t\t<\/div>\n\t\t\t\t<\/div>\n\t\t\t\t<\/div>\n\t\t<div class=\"elementor-element elementor-element-803aeca e-con-full e-flex e-con e-child\" data-id=\"803aeca\" data-element_type=\"container\">\n\t\t\t\t<div class=\"elementor-element elementor-element-9e09904 elementor-widget elementor-widget-heading\" data-id=\"9e09904\" data-element_type=\"widget\" data-widget_type=\"heading.default\">\n\t\t\t\t<div class=\"elementor-widget-container\">\n\t\t\t\t\t<h4 class=\"elementor-heading-title elementor-size-default\">Tehni\u010dke karakteristike<\/h4>\t\t\t\t<\/div>\n\t\t\t\t<\/div>\n\t\t\t\t<div class=\"elementor-element elementor-element-410b8db elementor-widget elementor-widget-text-editor\" data-id=\"410b8db\" data-element_type=\"widget\" data-widget_type=\"text-editor.default\">\n\t\t\t\t<div class=\"elementor-widget-container\">\n\t\t\t\t\t\t\t\t\t<ul><li>Materijal: Aluminijumska legura<\/li><li>Na\u010din otklju\u010davanja: Otisak prsta \/ IC kartica \/ lozinka* \/ mobilna aplikacija \/ mehani\u010dki klju\u010d \/ 3D prepoznavanje lica \/ otisak dlana<\/li><li>Kapacitet za otiske prsta: 100<\/li><li>Kapacitet za lice i dlan: 50<\/li><li>Kapacitet za IC karticu: 50<\/li><li>Kapacitet za lozinke: 50<\/li><li>Boja: crna<\/li><li>Napajanje: Punjiva litijumska baterija<\/li><li>Upozorenje za prazne baterije<\/li><li>Radna temperatura: -20 do 60\u00b0C<\/li><li>Ostale funkcije: video interfon, glasovne poruke, digitalna \u0161pijunka<\/li><\/ul><p>* Ova pametna brava mo\u017ee generisati jednokratne i privremene lozinke, s trajnim, vremenski ograni\u010denim ili vremenski odre\u0111enim pristupom.<\/p><p>Upravljajte vratima putem telefona:<\/p><p>Koristite mobilnu aplikaciju za daljinsko otvaranje vrata putem Wi-Fi mre\u017ee, omogu\u0107ite trenutan pristup drugima na daljinu i upravljajte istorijom otklju\u010davanja brave. Vi\u0161e pametnih brava mo\u017eete kontrolisati iz iste aplikacije.<\/p>\t\t\t\t\t\t\t\t<\/div>\n\t\t\t\t<\/div>\n\t\t\t\t<\/div>\n\t\t\t\t<\/div>\n\t\t\t\t\t<\/div>\n\t\t\t\t<\/div>\n\t\t\t\t<\/div>\n\t\t","protected":false},"excerpt":{"rendered":"","protected":false},"author":2,"featured_media":0,"parent":0,"menu_order":0,"comment_status":"closed","ping_status":"closed","template":"","meta":{"footnotes":""},"class_list":["post-1042","page","type-page","status-publish","hentry"],"blocksy_meta":{"has_hero_section":"disabled","styles_descriptor":{"styles":{"desktop":"","tablet":"","mobile":""},"google_fonts":[],"version":6}},"_links":{"self":[{"href":"https:\/\/hauslock.de:443\/en\/wp-json\/wp\/v2\/pages\/1042","targetHints":{"allow":["GET"]}}],"collection":[{"href":"https:\/\/hauslock.de:443\/en\/wp-json\/wp\/v2\/pages"}],"about":[{"href":"https:\/\/hauslock.de:443\/en\/wp-json\/wp\/v2\/types\/page"}],"author":[{"embeddable":true,"href":"https:\/\/hauslock.de:443\/en\/wp-json\/wp\/v2\/users\/2"}],"replies":[{"embeddable":true,"href":"https:\/\/hauslock.de:443\/en\/wp-json\/wp\/v2\/comments?post=1042"}],"version-history":[{"count":13,"href":"https:\/\/hauslock.de:443\/en\/wp-json\/wp\/v2\/pages\/1042\/revisions"}],"predecessor-version":[{"id":1701,"href":"https:\/\/hauslock.de:443\/en\/wp-json\/wp\/v2\/pages\/1042\/revisions\/1701"}],"wp:attachment":[{"href":"https:\/\/hauslock.de:443\/en\/wp-json\/wp\/v2\/media?parent=1042"}],"curies":[{"name":"wp","href":"https:\/\/api.w.org\/{rel}","templated":true}]}}