{"id":1090,"date":"2025-06-13T11:22:40","date_gmt":"2025-06-13T09:22:40","guid":{"rendered":"https:\/\/hauslock.de:443\/bs\/?page_id=1090"},"modified":"2025-06-20T13:09:09","modified_gmt":"2025-06-20T11:09:09","slug":"profil-1","status":"publish","type":"page","link":"https:\/\/hauslock.de:443\/en\/profil-1\/","title":{"rendered":"Profile 1"},"content":{"rendered":"\t\t<div data-elementor-type=\"wp-page\" data-elementor-id=\"1090\" class=\"elementor elementor-1090\">\n\t\t\t\t<div class=\"elementor-element elementor-element-38b0de4 e-flex e-con-boxed e-con e-parent\" data-id=\"38b0de4\" data-element_type=\"container\">\n\t\t\t\t\t<div class=\"e-con-inner\">\n\t\t<div class=\"elementor-element elementor-element-8ce1beb e-con-full e-flex e-con e-child\" data-id=\"8ce1beb\" data-element_type=\"container\">\n\t\t<div class=\"elementor-element elementor-element-14e15ee e-con-full e-flex e-con e-child\" data-id=\"14e15ee\" data-element_type=\"container\">\n\t\t\t\t<div class=\"elementor-element elementor-element-a1ef8e1 elementor-widget elementor-widget-heading\" data-id=\"a1ef8e1\" data-element_type=\"widget\" data-widget_type=\"heading.default\">\n\t\t\t\t<div class=\"elementor-widget-container\">\n\t\t\t\t\t<h2 class=\"elementor-heading-title elementor-size-default\">PROFIL 1<\/h2>\t\t\t\t<\/div>\n\t\t\t\t<\/div>\n\t\t\t\t<div class=\"elementor-element elementor-element-7858389 elementor-widget__width-initial elementor-widget elementor-widget-heading\" data-id=\"7858389\" data-element_type=\"widget\" data-widget_type=\"heading.default\">\n\t\t\t\t<div class=\"elementor-widget-container\">\n\t\t\t\t\t<h1 class=\"elementor-heading-title elementor-size-default\">Wohnung f\u00fcr einen Tag<\/h1>\t\t\t\t<\/div>\n\t\t\t\t<\/div>\n\t\t\t\t<\/div>\n\t\t\t\t<\/div>\n\t\t<div class=\"elementor-element elementor-element-04214d6 e-con-full e-flex e-con e-child\" data-id=\"04214d6\" data-element_type=\"container\">\n\t\t\t\t<div class=\"elementor-element elementor-element-1e0c587 elementor-widget elementor-widget-text-editor\" data-id=\"1e0c587\" data-element_type=\"widget\" data-widget_type=\"text-editor.default\">\n\t\t\t\t<div class=\"elementor-widget-container\">\n\t\t\t\t\t\t\t\t\t<p>Frau, V.L. 35 Jahre &#8211; Wohnungsbesitzerin in K\u00f6ln.<br \/>Vermietet ihre Wohnung auf Tagesbasis \u00fcber Airbnb-Plattform.<br \/>Technisch ausgebildet und liebt praktische L\u00f6sungen.<\/p>\t\t\t\t\t\t\t\t<\/div>\n\t\t\t\t<\/div>\n\t\t\t\t<\/div>\n\t\t\t\t\t<\/div>\n\t\t\t\t<\/div>\n\t\t<div class=\"elementor-element elementor-element-605ed85 e-flex e-con-boxed e-con e-parent\" data-id=\"605ed85\" data-element_type=\"container\">\n\t\t\t\t\t<div class=\"e-con-inner\">\n\t\t<div class=\"elementor-element elementor-element-c18b0c7 e-grid e-con-full e-con e-child\" data-id=\"c18b0c7\" data-element_type=\"container\">\n\t\t<div class=\"elementor-element elementor-element-7f0981e e-con-full e-flex e-con e-child\" data-id=\"7f0981e\" data-element_type=\"container\">\n\t\t\t\t<div class=\"elementor-element elementor-element-1cd208f elementor-widget elementor-widget-image\" data-id=\"1cd208f\" data-element_type=\"widget\" data-widget_type=\"image.default\">\n\t\t\t\t<div class=\"elementor-widget-container\">\n\t\t\t\t\t\t\t\t\t\t\t\t\t\t\t<img decoding=\"async\" src=\"https:\/\/hauslock.de:443\/wp-content\/uploads\/elementor\/thumbs\/profil1-400x600-1-r7e3xy37nki08anpjp28rih64u7fef7wrp5uehktio.jpg\" title=\"\" alt=\"\" loading=\"lazy\" \/>\t\t\t\t\t\t\t\t\t\t\t\t\t\t\t<\/div>\n\t\t\t\t<\/div>\n\t\t\t\t<\/div>\n\t\t<div class=\"elementor-element elementor-element-803aeca e-con-full e-flex e-con e-child\" data-id=\"803aeca\" data-element_type=\"container\">\n\t\t\t\t<div class=\"elementor-element elementor-element-9e09904 elementor-widget elementor-widget-heading\" data-id=\"9e09904\" data-element_type=\"widget\" data-widget_type=\"heading.default\">\n\t\t\t\t<div class=\"elementor-widget-container\">\n\t\t\t\t\t<h3 class=\"elementor-heading-title elementor-size-default\">OHNE SCHL\u00dcSSEL. OHNE STRESS.<\/h3>\t\t\t\t<\/div>\n\t\t\t\t<\/div>\n\t\t\t\t<div class=\"elementor-element elementor-element-410b8db elementor-widget elementor-widget-text-editor\" data-id=\"410b8db\" data-element_type=\"widget\" data-widget_type=\"text-editor.default\">\n\t\t\t\t<div class=\"elementor-widget-container\">\n\t\t\t\t\t\t\t\t\t<p>Bed\u00fcrfnisse und Probleme:<\/p><ul><li>M\u00f6chte den Check-in f\u00fcr G\u00e4ste vereinfachen ohne h\u00e4ufige Fahrten zur Wohnung.<\/li><li>M\u00f6chte wissen wer wann die Wohnung betritt.<\/li><li>M\u00f6chte das Risiko von Schl\u00fcsselverlust reduzieren.<\/li><li>Unvorhersehbarkeit der G\u00e4ste \u2013 sp\u00e4te Ank\u00fcnfte, Last-Minute-Stornierungen.<\/li><li>Kann nicht immer verf\u00fcgbar sein um Schl\u00fcssel zu \u00fcbergeben.<\/li><li>Sorgt sich um die Sicherheit der G\u00e4ste.<\/li><\/ul><p>Warum ein Smart Lock?<\/p><ul><li>Erm\u00f6glicht die Generierung tempor\u00e4rer Zugangscodes f\u00fcr G\u00e4ste.<\/li><li>Kann verfolgen wer die Wohnung betritt\/verl\u00e4sst.<\/li><li>Setzt Codes nach jedem Check-out automatisch zur\u00fcck.<\/li><\/ul>\t\t\t\t\t\t\t\t<\/div>\n\t\t\t\t<\/div>\n\t\t\t\t<div class=\"elementor-element elementor-element-ef15f2c elementor-widget elementor-widget-text-editor\" data-id=\"ef15f2c\" data-element_type=\"widget\" data-widget_type=\"text-editor.default\">\n\t\t\t\t<div class=\"elementor-widget-container\">\n\t\t\t\t\t\t\t\t\t<p>V.L. (35): \u201eIch muss nicht mehr hin- und herfahren, um Schl\u00fcssel zu \u00fcbergeben. Ein Code pro Gast, kein Schl\u00fcsselverlust und keine Sorgen nach dem Check-out \u2013 perfekt f\u00fcr Vermietungen.\u201c<\/p>\t\t\t\t\t\t\t\t<\/div>\n\t\t\t\t<\/div>\n\t\t\t\t<\/div>\n\t\t\t\t<\/div>\n\t\t\t\t\t<\/div>\n\t\t\t\t<\/div>\n\t\t\t\t<\/div>\n\t\t","protected":false},"excerpt":{"rendered":"","protected":false},"author":2,"featured_media":0,"parent":0,"menu_order":0,"comment_status":"closed","ping_status":"closed","template":"","meta":{"footnotes":""},"class_list":["post-1090","page","type-page","status-publish","hentry"],"blocksy_meta":{"has_hero_section":"disabled","styles_descriptor":{"styles":{"desktop":"","tablet":"","mobile":""},"google_fonts":[],"version":6}},"_links":{"self":[{"href":"https:\/\/hauslock.de:443\/en\/wp-json\/wp\/v2\/pages\/1090","targetHints":{"allow":["GET"]}}],"collection":[{"href":"https:\/\/hauslock.de:443\/en\/wp-json\/wp\/v2\/pages"}],"about":[{"href":"https:\/\/hauslock.de:443\/en\/wp-json\/wp\/v2\/types\/page"}],"author":[{"embeddable":true,"href":"https:\/\/hauslock.de:443\/en\/wp-json\/wp\/v2\/users\/2"}],"replies":[{"embeddable":true,"href":"https:\/\/hauslock.de:443\/en\/wp-json\/wp\/v2\/comments?post=1090"}],"version-history":[{"count":28,"href":"https:\/\/hauslock.de:443\/en\/wp-json\/wp\/v2\/pages\/1090\/revisions"}],"predecessor-version":[{"id":1763,"href":"https:\/\/hauslock.de:443\/en\/wp-json\/wp\/v2\/pages\/1090\/revisions\/1763"}],"wp:attachment":[{"href":"https:\/\/hauslock.de:443\/en\/wp-json\/wp\/v2\/media?parent=1090"}],"curies":[{"name":"wp","href":"https:\/\/api.w.org\/{rel}","templated":true}]}}