{"id":1127,"date":"2025-06-12T14:03:19","date_gmt":"2025-06-12T12:03:19","guid":{"rendered":"https:\/\/hauslock.de:443\/bs\/?page_id=1127"},"modified":"2025-06-20T12:36:43","modified_gmt":"2025-06-20T10:36:43","slug":"profil-7","status":"publish","type":"page","link":"https:\/\/hauslock.de:443\/en\/profil-7\/","title":{"rendered":"Profil 7 &#8211;"},"content":{"rendered":"\t\t<div data-elementor-type=\"wp-page\" data-elementor-id=\"1127\" class=\"elementor elementor-1127\">\n\t\t\t\t<div class=\"elementor-element elementor-element-38b0de4 e-flex e-con-boxed e-con e-parent\" data-id=\"38b0de4\" data-element_type=\"container\">\n\t\t\t\t\t<div class=\"e-con-inner\">\n\t\t<div class=\"elementor-element elementor-element-8ce1beb e-con-full e-flex e-con e-child\" data-id=\"8ce1beb\" data-element_type=\"container\">\n\t\t<div class=\"elementor-element elementor-element-14e15ee e-con-full e-flex e-con e-child\" data-id=\"14e15ee\" data-element_type=\"container\">\n\t\t\t\t<div class=\"elementor-element elementor-element-a1ef8e1 elementor-widget elementor-widget-heading\" data-id=\"a1ef8e1\" data-element_type=\"widget\" data-widget_type=\"heading.default\">\n\t\t\t\t<div class=\"elementor-widget-container\">\n\t\t\t\t\t<h2 class=\"elementor-heading-title elementor-size-default\">PROFIL 7<\/h2>\t\t\t\t<\/div>\n\t\t\t\t<\/div>\n\t\t\t\t<div class=\"elementor-element elementor-element-7858389 elementor-widget__width-initial elementor-widget elementor-widget-heading\" data-id=\"7858389\" data-element_type=\"widget\" data-widget_type=\"heading.default\">\n\t\t\t\t<div class=\"elementor-widget-container\">\n\t\t\t\t\t<h1 class=\"elementor-heading-title elementor-size-default\">INVESTITORI<br>\nU STANOGRADNJI<\/h1>\t\t\t\t<\/div>\n\t\t\t\t<\/div>\n\t\t\t\t<\/div>\n\t\t\t\t<\/div>\n\t\t<div class=\"elementor-element elementor-element-04214d6 e-con-full e-flex e-con e-child\" data-id=\"04214d6\" data-element_type=\"container\">\n\t\t\t\t<div class=\"elementor-element elementor-element-1e0c587 elementor-widget elementor-widget-text-editor\" data-id=\"1e0c587\" data-element_type=\"widget\" data-widget_type=\"text-editor.default\">\n\t\t\t\t<div class=\"elementor-widget-container\">\n\t\t\t\t\t\t\t\t\t<p>Investitor u stanogradnji, I.K. 32 godine, Tuzla. Mladi profesionalac. Ima potrebu da prati trendove. Tra\u017ei na\u010dine da pove\u0107a vrijednost stanova. Kupci o\u010dekuju pametna rje\u0161enja.<\/p>\t\t\t\t\t\t\t\t<\/div>\n\t\t\t\t<\/div>\n\t\t\t\t<\/div>\n\t\t\t\t\t<\/div>\n\t\t\t\t<\/div>\n\t\t<div class=\"elementor-element elementor-element-605ed85 e-flex e-con-boxed e-con e-parent\" data-id=\"605ed85\" data-element_type=\"container\">\n\t\t\t\t\t<div class=\"e-con-inner\">\n\t\t<div class=\"elementor-element elementor-element-c18b0c7 e-grid e-con-full e-con e-child\" data-id=\"c18b0c7\" data-element_type=\"container\">\n\t\t<div class=\"elementor-element elementor-element-7f0981e e-con-full e-flex e-con e-child\" data-id=\"7f0981e\" data-element_type=\"container\">\n\t\t\t\t<div class=\"elementor-element elementor-element-1cd208f elementor-widget elementor-widget-image\" data-id=\"1cd208f\" data-element_type=\"widget\" data-widget_type=\"image.default\">\n\t\t\t\t<div class=\"elementor-widget-container\">\n\t\t\t\t\t\t\t\t\t\t\t\t\t\t\t<img decoding=\"async\" src=\"https:\/\/hauslock.de:443\/wp-content\/uploads\/elementor\/thumbs\/profil7-400x600-2-r7e6i45hsqo6nss1cjba996b2zx45z4e3w1uh8x3e8.jpg\" title=\"\" alt=\"\" loading=\"lazy\" \/>\t\t\t\t\t\t\t\t\t\t\t\t\t\t\t<\/div>\n\t\t\t\t<\/div>\n\t\t\t\t<\/div>\n\t\t<div class=\"elementor-element elementor-element-803aeca e-con-full e-flex e-con e-child\" data-id=\"803aeca\" data-element_type=\"container\">\n\t\t\t\t<div class=\"elementor-element elementor-element-9e09904 elementor-widget elementor-widget-heading\" data-id=\"9e09904\" data-element_type=\"widget\" data-widget_type=\"heading.default\">\n\t\t\t\t<div class=\"elementor-widget-container\">\n\t\t\t\t\t<h3 class=\"elementor-heading-title elementor-size-default\">SIGURNOST NA KLIK. DOBRODO\u0160AO U BUDU\u0106NOST.<\/h3>\t\t\t\t<\/div>\n\t\t\t\t<\/div>\n\t\t\t\t<div class=\"elementor-element elementor-element-410b8db elementor-widget elementor-widget-text-editor\" data-id=\"410b8db\" data-element_type=\"widget\" data-widget_type=\"text-editor.default\">\n\t\t\t\t<div class=\"elementor-widget-container\">\n\t\t\t\t\t\t\t\t\t<p><strong>Potrebe i problemi:<\/strong><\/p><ul><li>Potreba za modernim rje\u0161enjima koja dodaju vrijednost objektu.<\/li><li>Kupci sve \u010de\u0161\u0107e o\u010dekuju savremena rje\u0161enja za sigurnost i upravljanje pristupom.<\/li><li>Klasi\u010dne brave ne prate trendove pametnih zgrada i stanova.<\/li><\/ul><p><strong>Za\u0161to pametna brava?<\/strong><\/p><ul><li>Ostavlja sna\u017ean prvi utisak.<\/li><li>Podi\u017ee standard i tr\u017ei\u0161nu atraktivnost nekretnine.<\/li><li>Omogu\u0107ava kontrolisan ulaz tokom gradnje i adaptacija.<\/li><li>Savr\u0161eno se uklapa u koncept pametnih stanova i automatizacije.<\/li><\/ul>\t\t\t\t\t\t\t\t<\/div>\n\t\t\t\t<\/div>\n\t\t\t\t<div class=\"elementor-element elementor-element-ef15f2c elementor-widget elementor-widget-text-editor\" data-id=\"ef15f2c\" data-element_type=\"widget\" data-widget_type=\"text-editor.default\">\n\t\t\t\t<div class=\"elementor-widget-container\">\n\t\t\t\t\t\t\t\t\t<p>I.K. (32): \u201cUz pametne brave, svaki stan je dobio moderan detalj koji odgovara na\u010dinu \u017eivota dana\u0161njih kupaca. Tokom prezentacije stanova, mogu\u0107nost digitalnog otklju\u010davanja ostavila je jak utisak na kupce i olak\u0161ala prodaju.<\/p>\t\t\t\t\t\t\t\t<\/div>\n\t\t\t\t<\/div>\n\t\t\t\t<\/div>\n\t\t\t\t<\/div>\n\t\t\t\t\t<\/div>\n\t\t\t\t<\/div>\n\t\t\t\t<\/div>\n\t\t","protected":false},"excerpt":{"rendered":"","protected":false},"author":2,"featured_media":0,"parent":0,"menu_order":0,"comment_status":"closed","ping_status":"closed","template":"","meta":{"footnotes":""},"class_list":["post-1127","page","type-page","status-publish","hentry"],"blocksy_meta":{"has_hero_section":"disabled","styles_descriptor":{"styles":{"desktop":"","tablet":"","mobile":""},"google_fonts":[],"version":6}},"_links":{"self":[{"href":"https:\/\/hauslock.de:443\/en\/wp-json\/wp\/v2\/pages\/1127","targetHints":{"allow":["GET"]}}],"collection":[{"href":"https:\/\/hauslock.de:443\/en\/wp-json\/wp\/v2\/pages"}],"about":[{"href":"https:\/\/hauslock.de:443\/en\/wp-json\/wp\/v2\/types\/page"}],"author":[{"embeddable":true,"href":"https:\/\/hauslock.de:443\/en\/wp-json\/wp\/v2\/users\/2"}],"replies":[{"embeddable":true,"href":"https:\/\/hauslock.de:443\/en\/wp-json\/wp\/v2\/comments?post=1127"}],"version-history":[{"count":33,"href":"https:\/\/hauslock.de:443\/en\/wp-json\/wp\/v2\/pages\/1127\/revisions"}],"predecessor-version":[{"id":1718,"href":"https:\/\/hauslock.de:443\/en\/wp-json\/wp\/v2\/pages\/1127\/revisions\/1718"}],"wp:attachment":[{"href":"https:\/\/hauslock.de:443\/en\/wp-json\/wp\/v2\/media?parent=1127"}],"curies":[{"name":"wp","href":"https:\/\/api.w.org\/{rel}","templated":true}]}}