{"id":825,"date":"2025-06-11T10:29:31","date_gmt":"2025-06-11T08:29:31","guid":{"rendered":"https:\/\/hauslock.de:443\/bs\/?page_id=825"},"modified":"2025-06-19T15:59:18","modified_gmt":"2025-06-19T13:59:18","slug":"profil-5","status":"publish","type":"page","link":"https:\/\/hauslock.de:443\/sr\/profil-5\/","title":{"rendered":"Profil 5"},"content":{"rendered":"\t\t<div data-elementor-type=\"wp-page\" data-elementor-id=\"825\" class=\"elementor elementor-825\">\n\t\t\t\t<div class=\"elementor-element elementor-element-38b0de4 e-flex e-con-boxed e-con e-parent\" data-id=\"38b0de4\" data-element_type=\"container\">\n\t\t\t\t\t<div class=\"e-con-inner\">\n\t\t<div class=\"elementor-element elementor-element-8ce1beb e-con-full e-flex e-con e-child\" data-id=\"8ce1beb\" data-element_type=\"container\">\n\t\t<div class=\"elementor-element elementor-element-14e15ee e-con-full e-flex e-con e-child\" data-id=\"14e15ee\" data-element_type=\"container\">\n\t\t\t\t<div class=\"elementor-element elementor-element-a1ef8e1 elementor-widget elementor-widget-heading\" data-id=\"a1ef8e1\" data-element_type=\"widget\" data-widget_type=\"heading.default\">\n\t\t\t\t<div class=\"elementor-widget-container\">\n\t\t\t\t\t<h2 class=\"elementor-heading-title elementor-size-default\">PROFIL 5<\/h2>\t\t\t\t<\/div>\n\t\t\t\t<\/div>\n\t\t\t\t<div class=\"elementor-element elementor-element-7858389 elementor-widget__width-initial elementor-widget elementor-widget-heading\" data-id=\"7858389\" data-element_type=\"widget\" data-widget_type=\"heading.default\">\n\t\t\t\t<div class=\"elementor-widget-container\">\n\t\t\t\t\t<h1 class=\"elementor-heading-title elementor-size-default\">VLASNICI LOKALA \/ BIZNIS KORISNICI<\/h1>\t\t\t\t<\/div>\n\t\t\t\t<\/div>\n\t\t\t\t<\/div>\n\t\t\t\t<\/div>\n\t\t<div class=\"elementor-element elementor-element-04214d6 e-con-full e-flex e-con e-child\" data-id=\"04214d6\" data-element_type=\"container\">\n\t\t\t\t<div class=\"elementor-element elementor-element-1e0c587 elementor-widget elementor-widget-text-editor\" data-id=\"1e0c587\" data-element_type=\"widget\" data-widget_type=\"text-editor.default\">\n\t\t\t\t<div class=\"elementor-widget-container\">\n\t\t\t\t\t\t\t\t\t<?xml encoding=\"UTF-8\"?><?xml encoding=\"UTF-8\"?><?xml encoding=\"UTF-8\"?><p>&#381;ena, J.Z. 42 godine. Vlasnica kozmeti&#269;kog salona u Trebinju. Ima &#269;etiri zaposlena i &#382;eli da zna kad su dolazili i odlazili s posla.<\/p>\n\t\t\t\t\t\t\t\t<\/div>\n\t\t\t\t<\/div>\n\t\t\t\t<\/div>\n\t\t\t\t\t<\/div>\n\t\t\t\t<\/div>\n\t\t<div class=\"elementor-element elementor-element-605ed85 e-flex e-con-boxed e-con e-parent\" data-id=\"605ed85\" data-element_type=\"container\">\n\t\t\t\t\t<div class=\"e-con-inner\">\n\t\t<div class=\"elementor-element elementor-element-c18b0c7 e-grid e-con-full e-con e-child\" data-id=\"c18b0c7\" data-element_type=\"container\">\n\t\t<div class=\"elementor-element elementor-element-7f0981e e-con-full e-flex e-con e-child\" data-id=\"7f0981e\" data-element_type=\"container\">\n\t\t\t\t<div class=\"elementor-element elementor-element-1cd208f elementor-widget elementor-widget-image\" data-id=\"1cd208f\" data-element_type=\"widget\" data-widget_type=\"image.default\">\n\t\t\t\t<div class=\"elementor-widget-container\">\n\t\t\t\t\t\t\t\t\t\t\t\t\t\t\t<img decoding=\"async\" src=\"https:\/\/hauslock.de:443\/wp-content\/uploads\/elementor\/thumbs\/profil5-400x600-1-r7e4qfl4rthu2va47ic7ttp287svo7b2cowkzdcay8.jpg\" title=\"\" alt=\"\" loading=\"lazy\" \/>\t\t\t\t\t\t\t\t\t\t\t\t\t\t\t<\/div>\n\t\t\t\t<\/div>\n\t\t\t\t<\/div>\n\t\t<div class=\"elementor-element elementor-element-803aeca e-con-full e-flex e-con e-child\" data-id=\"803aeca\" data-element_type=\"container\">\n\t\t\t\t<div class=\"elementor-element elementor-element-9e09904 elementor-widget elementor-widget-heading\" data-id=\"9e09904\" data-element_type=\"widget\" data-widget_type=\"heading.default\">\n\t\t\t\t<div class=\"elementor-widget-container\">\n\t\t\t\t\t<h3 class=\"elementor-heading-title elementor-size-default\">ZAKLJU\u010cAJ PAMETNO. \u017dIVI OPU\u0160TENO.<\/h3>\t\t\t\t<\/div>\n\t\t\t\t<\/div>\n\t\t\t\t<div class=\"elementor-element elementor-element-410b8db elementor-widget elementor-widget-text-editor\" data-id=\"410b8db\" data-element_type=\"widget\" data-widget_type=\"text-editor.default\">\n\t\t\t\t<div class=\"elementor-widget-container\">\n\t\t\t\t\t\t\t\t\t<?xml encoding=\"UTF-8\"?><?xml encoding=\"UTF-8\"?><?xml encoding=\"UTF-8\"?><p><strong>Potrebe i problemi:<\/strong><\/p><ul><li>Ne mo&#382;e uvijek da bude prisutna u lokalu.<\/li><li>Ne &#382;eli da svi zaposleni imaju fizi&#269;ke klju&#269;eve.<\/li><li>&#381;eli da zna kad su zaposleni dolazili i odlazili.<\/li><li>&#381;eli da odvoji prostor za svoje kupce i prostor koji je samo za zaposlene.<\/li><\/ul><p><strong>Za&scaron;to pametna brava?<\/strong><\/p><ul><li>Zaposleni imaju sopstvene kodove ili kartice.<\/li><li>Mo&#382;e da ograni&#269;i pristup po vremenu (npr. radno vrijeme).<\/li><li>Ima evidenciju ulazaka i izlazaka.<\/li><\/ul>\n\t\t\t\t\t\t\t\t<\/div>\n\t\t\t\t<\/div>\n\t\t\t\t<div class=\"elementor-element elementor-element-ef15f2c elementor-widget elementor-widget-text-editor\" data-id=\"ef15f2c\" data-element_type=\"widget\" data-widget_type=\"text-editor.default\">\n\t\t\t\t<div class=\"elementor-widget-container\">\n\t\t\t\t\t\t\t\t\t<?xml encoding=\"UTF-8\"?><?xml encoding=\"UTF-8\"?><?xml encoding=\"UTF-8\"?><p>J.Z. (42): &ldquo;Kontroli&scaron;em pristup bez klju&#269;eva. Svako ima svoj kod, a ja imam potpunu evidenciju o dolascima i odlascima &ndash; sigurno i jednostavno.&rdquo;<\/p>\n\t\t\t\t\t\t\t\t<\/div>\n\t\t\t\t<\/div>\n\t\t\t\t<\/div>\n\t\t\t\t<\/div>\n\t\t\t\t\t<\/div>\n\t\t\t\t<\/div>\n\t\t\t\t<\/div>\n\t\t","protected":false},"excerpt":{"rendered":"","protected":false},"author":2,"featured_media":0,"parent":0,"menu_order":0,"comment_status":"closed","ping_status":"closed","template":"","meta":{"footnotes":""},"class_list":["post-825","page","type-page","status-publish","hentry"],"blocksy_meta":{"has_hero_section":"disabled","styles_descriptor":{"styles":{"desktop":"","tablet":"","mobile":""},"google_fonts":[],"version":6}},"_links":{"self":[{"href":"https:\/\/hauslock.de:443\/sr\/wp-json\/wp\/v2\/pages\/825","targetHints":{"allow":["GET"]}}],"collection":[{"href":"https:\/\/hauslock.de:443\/sr\/wp-json\/wp\/v2\/pages"}],"about":[{"href":"https:\/\/hauslock.de:443\/sr\/wp-json\/wp\/v2\/types\/page"}],"author":[{"embeddable":true,"href":"https:\/\/hauslock.de:443\/sr\/wp-json\/wp\/v2\/users\/2"}],"replies":[{"embeddable":true,"href":"https:\/\/hauslock.de:443\/sr\/wp-json\/wp\/v2\/comments?post=825"}],"version-history":[{"count":208,"href":"https:\/\/hauslock.de:443\/sr\/wp-json\/wp\/v2\/pages\/825\/revisions"}],"predecessor-version":[{"id":1669,"href":"https:\/\/hauslock.de:443\/sr\/wp-json\/wp\/v2\/pages\/825\/revisions\/1669"}],"wp:attachment":[{"href":"https:\/\/hauslock.de:443\/sr\/wp-json\/wp\/v2\/media?parent=825"}],"curies":[{"name":"wp","href":"https:\/\/api.w.org\/{rel}","templated":true}]}}